{"id":592,"date":"2026-02-18T21:52:33","date_gmt":"2026-02-18T21:52:33","guid":{"rendered":"https:\/\/mission-e-xplorer.com\/?page_id=592"},"modified":"2026-02-18T22:08:40","modified_gmt":"2026-02-18T22:08:40","slug":"mentions-legales","status":"publish","type":"page","link":"https:\/\/mission-e-xplorer.com\/index.php\/mentions-legales\/","title":{"rendered":"Mentions l\u00e9gales"},"content":{"rendered":"\t\t<div data-elementor-type=\"wp-page\" data-elementor-id=\"592\" class=\"elementor elementor-592\" data-elementor-post-type=\"page\">\n\t\t\t\t<div class=\"elementor-element elementor-element-6b2500bf e-flex e-con-boxed e-con e-parent\" data-id=\"6b2500bf\" data-element_type=\"container\" data-e-type=\"container\">\n\t\t\t\t\t<div class=\"e-con-inner\">\n\t\t<div class=\"elementor-element elementor-element-39dbc410 e-con-full e-flex e-con e-child\" data-id=\"39dbc410\" data-element_type=\"container\" data-e-type=\"container\" data-settings=\"{&quot;background_background&quot;:&quot;classic&quot;}\">\n\t\t\t\t<div class=\"elementor-element elementor-element-50c7060 elementor-widget elementor-widget-text-editor\" data-id=\"50c7060\" data-element_type=\"widget\" data-e-type=\"widget\" data-widget_type=\"text-editor.default\">\n\t\t\t\t\t\t\t\t\t<p>MENTIONS L\u00c9GALES<\/p>\t\t\t\t\t\t\t\t<\/div>\n\t\t\t\t<div class=\"elementor-element elementor-element-787efa84 elementor-widget elementor-widget-image\" data-id=\"787efa84\" data-element_type=\"widget\" data-e-type=\"widget\" data-widget_type=\"image.default\">\n\t\t\t\t\t\t\t\t\t\t\t\t\t\t\t<img fetchpriority=\"high\" decoding=\"async\" width=\"885\" height=\"384\" src=\"https:\/\/mission-e-xplorer.com\/wp-content\/uploads\/2025\/12\/vagues.png\" class=\"attachment-full size-full wp-image-99\" alt=\"\" srcset=\"https:\/\/mission-e-xplorer.com\/wp-content\/uploads\/2025\/12\/vagues.png 885w, https:\/\/mission-e-xplorer.com\/wp-content\/uploads\/2025\/12\/vagues-300x130.png 300w, https:\/\/mission-e-xplorer.com\/wp-content\/uploads\/2025\/12\/vagues-768x333.png 768w\" sizes=\"(max-width: 885px) 100vw, 885px\" \/>\t\t\t\t\t\t\t\t\t\t\t\t\t\t\t<\/div>\n\t\t\t\t<\/div>\n\t\t\t\t\t<\/div>\n\t\t\t\t<\/div>\n\t\t<div class=\"elementor-element elementor-element-a29ad21 e-flex e-con-boxed e-con e-parent\" data-id=\"a29ad21\" data-element_type=\"container\" data-e-type=\"container\">\n\t\t\t\t\t<div class=\"e-con-inner\">\n\t\t\t\t<div class=\"elementor-element elementor-element-b018a66 elementor-widget elementor-widget-text-editor\" data-id=\"b018a66\" data-element_type=\"widget\" data-e-type=\"widget\" data-widget_type=\"text-editor.default\">\n\t\t\t\t\t\t\t\t\t<p>Conform\u00e9ment aux dispositions des Articles 6-III et 19 de la Loi n\u00b02004-575 du 21 juin 2004 pour la<br \/>Confiance dans l\u2019\u00e9conomie num\u00e9rique, dite L.C.E.N., il est port\u00e9 \u00e0 la connaissance des utilisateurs et<br \/>visiteurs, ci-apr\u00e8s l \u00bb \u00bbUtilisateur \u00bb, du site https:\/\/mission-e-xplorer.com, ci-apr\u00e8s le \u00ab Site \u00bb, les pr\u00e9sentes<br \/>mentions l\u00e9gales.<\/p><p>La connexion et la navigation sur le Site par l\u2019Utilisateur implique acceptation int\u00e9grale et sans<br \/>r\u00e9serve des pr\u00e9sentes mentions l\u00e9gales.<\/p><p>Ces derni\u00e8res sont accessibles sur le Site \u00e0 la rubrique \u00ab Mentions l\u00e9gales \u00bb.<\/p><p><strong>ARTICLE 1 \u2013 L\u2019\u00c9DITEUR<\/strong><br \/>L\u2019\u00e9dition du Site est assur\u00e9e par Comscoring, immatricul\u00e9e<br \/>au Registre du Commerce et des Soci\u00e9t\u00e9s de 842 031 817 R.C.S. Angers dont le si\u00e8ge social<br \/>est situ\u00e9 au 3 rue des oiseaux \u00e0 Ingrandes sur loire<br \/>Num\u00e9ro de t\u00e9l\u00e9phone\u00a0\u00a0<a href=\"https:\/\/www.google.com\/search?q=comscoring&amp;rlz=1C1UEAD_frFR1077FR1077&amp;oq=comscoring++&amp;gs_lcrp=EgZjaHJvbWUqBggAEEUYOzIGCAAQRRg7MggIARBFGCcYOzIGCAIQRRg8MgYIAxBFGDwyBggEEEUYPDIGCAUQRRg8MgYIBhBFGEEyBggHEEUYQdIBCDQ5NTBqMGo0qAIIsAIB8QXwNvVE_dOnag&amp;sourceid=chrome&amp;ie=UTF-8\">09 81 18 86 72<\/a>,<br \/>Adresse e-mail : contact@comscoring.com<br \/>N\u00b0 de TVA intracommunautaire : FR26842031817<br \/>Le Directeur de la publication est Sylvain Maussion<br \/>ci-apr\u00e8s l\u2019\u00a0\u00bb\u00c9diteur\u00a0\u00bb.<\/p><p><strong>ARTICLE 2 \u2013 L\u2019H\u00c9BERGEUR<\/strong><br \/>L\u2019h\u00e9bergeur du Site est la soci\u00e9t\u00e9 EX2, dont le si\u00e8ge social est situ\u00e9 au CP 20031 BP Pharmacie<br \/>Brunet, Chicoutimi, Quebec G7H 7S2, Canada.<\/p><p>L\u2019h\u00e9bergeur peut \u00eatre contact\u00e9 par mail \u00e0 l\u2019adresse :\u00a0<a href=\"mailto:support@ex2.com\">support@ex2.com<\/a><\/p><p><strong>ARTICLE 3 \u2013 ACC\u00c8S AU SITE<\/strong><br \/>Le Site est accessible en tout endroit, 7j\/7, 24h\/24 sauf cas de force majeure, interruption<br \/>programm\u00e9e ou non et pouvant d\u00e9coulant d\u2019une n\u00e9cessit\u00e9 de maintenance.<br \/>En cas de modification, interruption ou suspension du Site, l\u2019\u00c9diteur ne saurait \u00eatre tenu responsable.<\/p><p><strong>ARTICLE 4 \u2013 COLLECTE DES DONN\u00c9ES<\/strong><br \/>Le Site assure \u00e0 l\u2019Utilisateur une collecte et un traitement d\u2019informations personnelles dans le respect<br \/>de la vie priv\u00e9e conform\u00e9ment \u00e0 la loi n\u00b078-17 du 6 janvier 1978 relative \u00e0 l\u2019informatique, aux fichiers<br \/>et aux libert\u00e9s.<\/p><p>En vertu de la loi Informatique et Libert\u00e9s, en date du 6 janvier 1978, l\u2019Utilisateur dispose d\u2019un droit<br \/>d\u2019acc\u00e8s, de rectification, de suppression et d\u2019opposition de ses donn\u00e9es personnelles. L\u2019Utilisateur<br \/>exerce ce droit :<br \/>\u00b7 par mail \u00e0 l\u2019adresse e-mail :\u00a0 contact@mission-e-xplorer.com<\/p><p>Toute utilisation, reproduction, diffusion, commercialisation, modification de toute ou partie du Site,<br \/>sans autorisation de l\u2019\u00c9diteur est prohib\u00e9e et pourra entra\u00een\u00e9e des actions et poursuites judiciaires<br \/>telles que notamment pr\u00e9vues par le Code de la propri\u00e9t\u00e9 intellectuelle et le Code civil.<\/p>\t\t\t\t\t\t\t\t<\/div>\n\t\t\t\t\t<\/div>\n\t\t\t\t<\/div>\n\t\t<div class=\"elementor-element elementor-element-6daeffc e-flex e-con-boxed e-con e-parent\" data-id=\"6daeffc\" data-element_type=\"container\" data-e-type=\"container\">\n\t\t\t\t\t<div class=\"e-con-inner\">\n\t\t<div class=\"elementor-element elementor-element-b3096df e-con-full e-flex e-con e-child\" data-id=\"b3096df\" data-element_type=\"container\" data-e-type=\"container\" data-settings=\"{&quot;background_background&quot;:&quot;classic&quot;}\">\n\t\t\t\t<div class=\"elementor-element elementor-element-59471be elementor-widget elementor-widget-heading\" data-id=\"59471be\" data-element_type=\"widget\" data-e-type=\"widget\" data-widget_type=\"heading.default\">\n\t\t\t\t\t<h2 class=\"elementor-heading-title elementor-size-default\">Principal<\/h2>\t\t\t\t<\/div>\n\t\t\t\t<div class=\"elementor-element elementor-element-5638d79 elementor-icon-list--layout-traditional elementor-list-item-link-full_width elementor-widget elementor-widget-icon-list\" data-id=\"5638d79\" data-element_type=\"widget\" data-e-type=\"widget\" data-widget_type=\"icon-list.default\">\n\t\t\t\t\t\t\t<ul class=\"elementor-icon-list-items\">\n\t\t\t\t\t\t\t<li class=\"elementor-icon-list-item\">\n\t\t\t\t\t\t\t\t\t\t\t<a href=\"https:\/\/mission-e-xplorer.com\/index.php\/raison-detre\/\">\n\n\t\t\t\t\t\t\t\t\t\t\t<span class=\"elementor-icon-list-text\">Raison d'\u00eatre<\/span>\n\t\t\t\t\t\t\t\t\t\t\t<\/a>\n\t\t\t\t\t\t\t\t\t<\/li>\n\t\t\t\t\t\t\t\t<li class=\"elementor-icon-list-item\">\n\t\t\t\t\t\t\t\t\t\t\t<a href=\"https:\/\/mission-e-xplorer.com\/index.php\/nos-actions\/\">\n\n\t\t\t\t\t\t\t\t\t\t\t<span class=\"elementor-icon-list-text\">Nos actions<\/span>\n\t\t\t\t\t\t\t\t\t\t\t<\/a>\n\t\t\t\t\t\t\t\t\t<\/li>\n\t\t\t\t\t\t\t\t<li class=\"elementor-icon-list-item\">\n\t\t\t\t\t\t\t\t\t\t\t<a href=\"https:\/\/mission-e-xplorer.com\/index.php\/evenement\/\">\n\n\t\t\t\t\t\t\t\t\t\t\t<span class=\"elementor-icon-list-text\">\u00c9v\u00e9nement<\/span>\n\t\t\t\t\t\t\t\t\t\t\t<\/a>\n\t\t\t\t\t\t\t\t\t<\/li>\n\t\t\t\t\t\t\t\t<li class=\"elementor-icon-list-item\">\n\t\t\t\t\t\t\t\t\t\t\t<a href=\"https:\/\/mission-e-xplorer.com\/index.php\/boutique\/\">\n\n\t\t\t\t\t\t\t\t\t\t\t<span class=\"elementor-icon-list-text\">Boutique<\/span>\n\t\t\t\t\t\t\t\t\t\t\t<\/a>\n\t\t\t\t\t\t\t\t\t<\/li>\n\t\t\t\t\t\t<\/ul>\n\t\t\t\t\t\t<\/div>\n\t\t\t\t<\/div>\n\t\t<div class=\"elementor-element elementor-element-d0649bb e-con-full e-flex e-con e-child\" data-id=\"d0649bb\" data-element_type=\"container\" data-e-type=\"container\" data-settings=\"{&quot;background_background&quot;:&quot;classic&quot;}\">\n\t\t\t\t<div class=\"elementor-element elementor-element-8834c82 elementor-widget elementor-widget-heading\" data-id=\"8834c82\" data-element_type=\"widget\" data-e-type=\"widget\" data-widget_type=\"heading.default\">\n\t\t\t\t\t<h2 class=\"elementor-heading-title elementor-size-default\">Informations l\u00e9gales<\/h2>\t\t\t\t<\/div>\n\t\t\t\t<div class=\"elementor-element elementor-element-1ee92fd elementor-icon-list--layout-traditional elementor-list-item-link-full_width elementor-widget elementor-widget-icon-list\" data-id=\"1ee92fd\" data-element_type=\"widget\" data-e-type=\"widget\" data-widget_type=\"icon-list.default\">\n\t\t\t\t\t\t\t<ul class=\"elementor-icon-list-items\">\n\t\t\t\t\t\t\t<li class=\"elementor-icon-list-item\">\n\t\t\t\t\t\t\t\t\t\t\t<a href=\"https:\/\/mission-e-xplorer.com\/index.php\/mentions-legales\/\">\n\n\t\t\t\t\t\t\t\t\t\t\t<span class=\"elementor-icon-list-text\">Mentions l\u00e9gales<\/span>\n\t\t\t\t\t\t\t\t\t\t\t<\/a>\n\t\t\t\t\t\t\t\t\t<\/li>\n\t\t\t\t\t\t\t\t<li class=\"elementor-icon-list-item\">\n\t\t\t\t\t\t\t\t\t\t\t<a href=\"https:\/\/mission-e-xplorer.com\/index.php\/politique-de-confidentialite\/\">\n\n\t\t\t\t\t\t\t\t\t\t\t<span class=\"elementor-icon-list-text\">Politique de confidentialit\u00e9<\/span>\n\t\t\t\t\t\t\t\t\t\t\t<\/a>\n\t\t\t\t\t\t\t\t\t<\/li>\n\t\t\t\t\t\t<\/ul>\n\t\t\t\t\t\t<\/div>\n\t\t\t\t<\/div>\n\t\t<div class=\"elementor-element elementor-element-b79ff64 e-con-full e-flex e-con e-child\" data-id=\"b79ff64\" data-element_type=\"container\" data-e-type=\"container\" data-settings=\"{&quot;background_background&quot;:&quot;classic&quot;}\">\n\t\t\t\t<div class=\"elementor-element elementor-element-af97c83 elementor-widget elementor-widget-heading\" data-id=\"af97c83\" data-element_type=\"widget\" data-e-type=\"widget\" data-widget_type=\"heading.default\">\n\t\t\t\t\t<h2 class=\"elementor-heading-title elementor-size-default\">Contact<\/h2>\t\t\t\t<\/div>\n\t\t\t\t<div class=\"elementor-element elementor-element-80dad6e elementor-icon-list--layout-traditional elementor-list-item-link-full_width elementor-widget elementor-widget-icon-list\" data-id=\"80dad6e\" data-element_type=\"widget\" data-e-type=\"widget\" data-widget_type=\"icon-list.default\">\n\t\t\t\t\t\t\t<ul class=\"elementor-icon-list-items\">\n\t\t\t\t\t\t\t<li class=\"elementor-icon-list-item\">\n\t\t\t\t\t\t\t\t\t\t\t<a href=\"\">\n\n\t\t\t\t\t\t\t\t\t\t\t\t<span class=\"elementor-icon-list-icon\">\n\t\t\t\t\t\t\t<svg aria-hidden=\"true\" class=\"e-font-icon-svg e-fas-envelope-open-text\" viewBox=\"0 0 512 512\" xmlns=\"http:\/\/www.w3.org\/2000\/svg\"><path d=\"M176 216h160c8.84 0 16-7.16 16-16v-16c0-8.84-7.16-16-16-16H176c-8.84 0-16 7.16-16 16v16c0 8.84 7.16 16 16 16zm-16 80c0 8.84 7.16 16 16 16h160c8.84 0 16-7.16 16-16v-16c0-8.84-7.16-16-16-16H176c-8.84 0-16 7.16-16 16v16zm96 121.13c-16.42 0-32.84-5.06-46.86-15.19L0 250.86V464c0 26.51 21.49 48 48 48h416c26.51 0 48-21.49 48-48V250.86L302.86 401.94c-14.02 10.12-30.44 15.19-46.86 15.19zm237.61-254.18c-8.85-6.94-17.24-13.47-29.61-22.81V96c0-26.51-21.49-48-48-48h-77.55c-3.04-2.2-5.87-4.26-9.04-6.56C312.6 29.17 279.2-.35 256 0c-23.2-.35-56.59 29.17-73.41 41.44-3.17 2.3-6 4.36-9.04 6.56H96c-26.51 0-48 21.49-48 48v44.14c-12.37 9.33-20.76 15.87-29.61 22.81A47.995 47.995 0 0 0 0 200.72v10.65l96 69.35V96h320v184.72l96-69.35v-10.65c0-14.74-6.78-28.67-18.39-37.77z\"><\/path><\/svg>\t\t\t\t\t\t<\/span>\n\t\t\t\t\t\t\t\t\t\t<span class=\"elementor-icon-list-text\">contact@mission-e-xplorer.com<\/span>\n\t\t\t\t\t\t\t\t\t\t\t<\/a>\n\t\t\t\t\t\t\t\t\t<\/li>\n\t\t\t\t\t\t<\/ul>\n\t\t\t\t\t\t<\/div>\n\t\t\t\t<\/div>\n\t\t<div class=\"elementor-element elementor-element-49d0750 e-con-full e-flex e-con e-child\" data-id=\"49d0750\" data-element_type=\"container\" data-e-type=\"container\" data-settings=\"{&quot;background_background&quot;:&quot;classic&quot;}\">\n\t\t\t\t<div class=\"elementor-element elementor-element-9114b34 elementor-widget elementor-widget-image\" data-id=\"9114b34\" data-element_type=\"widget\" data-e-type=\"widget\" data-widget_type=\"image.default\">\n\t\t\t\t\t\t\t\t\t\t\t\t\t\t\t\t<a href=\"https:\/\/mission-e-xplorer.com\/\">\n\t\t\t\t\t\t\t<img decoding=\"async\" width=\"1024\" height=\"533\" src=\"https:\/\/mission-e-xplorer.com\/wp-content\/uploads\/2025\/12\/LOGO-FDD-07-e1765543048170-1024x533.png\" class=\"attachment-large size-large wp-image-83\" alt=\"\" srcset=\"https:\/\/mission-e-xplorer.com\/wp-content\/uploads\/2025\/12\/LOGO-FDD-07-e1765543048170-1024x533.png 1024w, https:\/\/mission-e-xplorer.com\/wp-content\/uploads\/2025\/12\/LOGO-FDD-07-e1765543048170-300x156.png 300w, https:\/\/mission-e-xplorer.com\/wp-content\/uploads\/2025\/12\/LOGO-FDD-07-e1765543048170-768x400.png 768w, https:\/\/mission-e-xplorer.com\/wp-content\/uploads\/2025\/12\/LOGO-FDD-07-e1765543048170-1536x800.png 1536w, https:\/\/mission-e-xplorer.com\/wp-content\/uploads\/2025\/12\/LOGO-FDD-07-e1765543048170.png 1950w\" sizes=\"(max-width: 1024px) 100vw, 1024px\" \/>\t\t\t\t\t\t\t\t<\/a>\n\t\t\t\t\t\t\t\t\t\t\t\t\t\t\t<\/div>\n\t\t\t\t<\/div>\n\t\t\t\t\t<\/div>\n\t\t\t\t<\/div>\n\t\t\t\t<\/div>\n\t\t","protected":false},"excerpt":{"rendered":"<p>MENTIONS L\u00c9GALES Conform\u00e9ment aux dispositions des Articles 6-III et 19 de la Loi n\u00b02004-575 du 21 juin 2004 pour laConfiance dans l\u2019\u00e9conomie num\u00e9rique, dite L.C.E.N., il est port\u00e9 \u00e0 la connaissance des utilisateurs etvisiteurs, ci-apr\u00e8s l \u00bb \u00bbUtilisateur \u00bb, du site https:\/\/mission-e-xplorer.com, ci-apr\u00e8s le \u00ab Site \u00bb, les pr\u00e9sentesmentions l\u00e9gales. La connexion et la navigation&#8230;<\/p>\n","protected":false},"author":1,"featured_media":0,"parent":0,"menu_order":0,"comment_status":"closed","ping_status":"closed","template":"elementor_header_footer","meta":{"_kad_post_transparent":"default","_kad_post_title":"hide","_kad_post_layout":"fullwidth","_kad_post_sidebar_id":"","_kad_post_content_style":"unboxed","_kad_post_vertical_padding":"hide","_kad_post_feature":"hide","_kad_post_feature_position":"","_kad_post_header":false,"_kad_post_footer":false,"_kad_post_classname":"","footnotes":""},"class_list":["post-592","page","type-page","status-publish","hentry"],"yoast_head":"<!-- This site is optimized with the Yoast SEO plugin v27.4 - https:\/\/yoast.com\/product\/yoast-seo-wordpress\/ -->\n<title>Mentions l\u00e9gales - Fond de dotation<\/title>\n<meta name=\"robots\" content=\"index, follow, max-snippet:-1, max-image-preview:large, max-video-preview:-1\" \/>\n<link rel=\"canonical\" href=\"https:\/\/mission-e-xplorer.com\/index.php\/mentions-legales\/\" \/>\n<meta property=\"og:locale\" content=\"fr_FR\" \/>\n<meta property=\"og:type\" content=\"article\" \/>\n<meta property=\"og:title\" content=\"Mentions l\u00e9gales - Fond de dotation\" \/>\n<meta property=\"og:description\" content=\"MENTIONS L\u00c9GALES Conform\u00e9ment aux dispositions des Articles 6-III et 19 de la Loi n\u00b02004-575 du 21 juin 2004 pour laConfiance dans l\u2019\u00e9conomie num\u00e9rique, dite L.C.E.N., il est port\u00e9 \u00e0 la connaissance des utilisateurs etvisiteurs, ci-apr\u00e8s l \u00bb \u00bbUtilisateur \u00bb, du site https:\/\/mission-e-xplorer.com, ci-apr\u00e8s le \u00ab Site \u00bb, les pr\u00e9sentesmentions l\u00e9gales. La connexion et la navigation...\" \/>\n<meta property=\"og:url\" content=\"https:\/\/mission-e-xplorer.com\/index.php\/mentions-legales\/\" \/>\n<meta property=\"og:site_name\" content=\"Fond de dotation\" \/>\n<meta property=\"article:modified_time\" content=\"2026-02-18T22:08:40+00:00\" \/>\n<meta property=\"og:image\" content=\"https:\/\/mission-e-xplorer.com\/wp-content\/uploads\/2025\/12\/vagues.png\" \/>\n\t<meta property=\"og:image:width\" content=\"885\" \/>\n\t<meta property=\"og:image:height\" content=\"384\" \/>\n\t<meta property=\"og:image:type\" content=\"image\/png\" \/>\n<meta name=\"twitter:card\" content=\"summary_large_image\" \/>\n<meta name=\"twitter:label1\" content=\"Dur\u00e9e de lecture estim\u00e9e\" \/>\n\t<meta name=\"twitter:data1\" content=\"3 minutes\" \/>\n<script type=\"application\/ld+json\" class=\"yoast-schema-graph\">{\"@context\":\"https:\\\/\\\/schema.org\",\"@graph\":[{\"@type\":\"WebPage\",\"@id\":\"https:\\\/\\\/mission-e-xplorer.com\\\/index.php\\\/mentions-legales\\\/\",\"url\":\"https:\\\/\\\/mission-e-xplorer.com\\\/index.php\\\/mentions-legales\\\/\",\"name\":\"Mentions l\u00e9gales - Fond de dotation\",\"isPartOf\":{\"@id\":\"https:\\\/\\\/mission-e-xplorer.com\\\/#website\"},\"primaryImageOfPage\":{\"@id\":\"https:\\\/\\\/mission-e-xplorer.com\\\/index.php\\\/mentions-legales\\\/#primaryimage\"},\"image\":{\"@id\":\"https:\\\/\\\/mission-e-xplorer.com\\\/index.php\\\/mentions-legales\\\/#primaryimage\"},\"thumbnailUrl\":\"https:\\\/\\\/mission-e-xplorer.com\\\/wp-content\\\/uploads\\\/2025\\\/12\\\/vagues.png\",\"datePublished\":\"2026-02-18T21:52:33+00:00\",\"dateModified\":\"2026-02-18T22:08:40+00:00\",\"breadcrumb\":{\"@id\":\"https:\\\/\\\/mission-e-xplorer.com\\\/index.php\\\/mentions-legales\\\/#breadcrumb\"},\"inLanguage\":\"fr-FR\",\"potentialAction\":[{\"@type\":\"ReadAction\",\"target\":[\"https:\\\/\\\/mission-e-xplorer.com\\\/index.php\\\/mentions-legales\\\/\"]}]},{\"@type\":\"ImageObject\",\"inLanguage\":\"fr-FR\",\"@id\":\"https:\\\/\\\/mission-e-xplorer.com\\\/index.php\\\/mentions-legales\\\/#primaryimage\",\"url\":\"https:\\\/\\\/mission-e-xplorer.com\\\/wp-content\\\/uploads\\\/2025\\\/12\\\/vagues.png\",\"contentUrl\":\"https:\\\/\\\/mission-e-xplorer.com\\\/wp-content\\\/uploads\\\/2025\\\/12\\\/vagues.png\",\"width\":885,\"height\":384},{\"@type\":\"BreadcrumbList\",\"@id\":\"https:\\\/\\\/mission-e-xplorer.com\\\/index.php\\\/mentions-legales\\\/#breadcrumb\",\"itemListElement\":[{\"@type\":\"ListItem\",\"position\":1,\"name\":\"Accueil\",\"item\":\"https:\\\/\\\/mission-e-xplorer.com\\\/\"},{\"@type\":\"ListItem\",\"position\":2,\"name\":\"Mentions l\u00e9gales\"}]},{\"@type\":\"WebSite\",\"@id\":\"https:\\\/\\\/mission-e-xplorer.com\\\/#website\",\"url\":\"https:\\\/\\\/mission-e-xplorer.com\\\/\",\"name\":\"Fond de dotation\",\"description\":\"\",\"publisher\":{\"@id\":\"https:\\\/\\\/mission-e-xplorer.com\\\/#organization\"},\"potentialAction\":[{\"@type\":\"SearchAction\",\"target\":{\"@type\":\"EntryPoint\",\"urlTemplate\":\"https:\\\/\\\/mission-e-xplorer.com\\\/?s={search_term_string}\"},\"query-input\":{\"@type\":\"PropertyValueSpecification\",\"valueRequired\":true,\"valueName\":\"search_term_string\"}}],\"inLanguage\":\"fr-FR\"},{\"@type\":\"Organization\",\"@id\":\"https:\\\/\\\/mission-e-xplorer.com\\\/#organization\",\"name\":\"Fond de dotation\",\"url\":\"https:\\\/\\\/mission-e-xplorer.com\\\/\",\"logo\":{\"@type\":\"ImageObject\",\"inLanguage\":\"fr-FR\",\"@id\":\"https:\\\/\\\/mission-e-xplorer.com\\\/#\\\/schema\\\/logo\\\/image\\\/\",\"url\":\"https:\\\/\\\/mission-e-xplorer.com\\\/wp-content\\\/uploads\\\/2025\\\/12\\\/LOGO-FDD-02.png\",\"contentUrl\":\"https:\\\/\\\/mission-e-xplorer.com\\\/wp-content\\\/uploads\\\/2025\\\/12\\\/LOGO-FDD-02.png\",\"width\":1951,\"height\":1840,\"caption\":\"Fond de dotation\"},\"image\":{\"@id\":\"https:\\\/\\\/mission-e-xplorer.com\\\/#\\\/schema\\\/logo\\\/image\\\/\"}}]}<\/script>\n<!-- \/ Yoast SEO plugin. -->","yoast_head_json":{"title":"Mentions l\u00e9gales - Fond de dotation","robots":{"index":"index","follow":"follow","max-snippet":"max-snippet:-1","max-image-preview":"max-image-preview:large","max-video-preview":"max-video-preview:-1"},"canonical":"https:\/\/mission-e-xplorer.com\/index.php\/mentions-legales\/","og_locale":"fr_FR","og_type":"article","og_title":"Mentions l\u00e9gales - Fond de dotation","og_description":"MENTIONS L\u00c9GALES Conform\u00e9ment aux dispositions des Articles 6-III et 19 de la Loi n\u00b02004-575 du 21 juin 2004 pour laConfiance dans l\u2019\u00e9conomie num\u00e9rique, dite L.C.E.N., il est port\u00e9 \u00e0 la connaissance des utilisateurs etvisiteurs, ci-apr\u00e8s l \u00bb \u00bbUtilisateur \u00bb, du site https:\/\/mission-e-xplorer.com, ci-apr\u00e8s le \u00ab Site \u00bb, les pr\u00e9sentesmentions l\u00e9gales. La connexion et la navigation...","og_url":"https:\/\/mission-e-xplorer.com\/index.php\/mentions-legales\/","og_site_name":"Fond de dotation","article_modified_time":"2026-02-18T22:08:40+00:00","og_image":[{"width":885,"height":384,"url":"https:\/\/mission-e-xplorer.com\/wp-content\/uploads\/2025\/12\/vagues.png","type":"image\/png"}],"twitter_card":"summary_large_image","twitter_misc":{"Dur\u00e9e de lecture estim\u00e9e":"3 minutes"},"schema":{"@context":"https:\/\/schema.org","@graph":[{"@type":"WebPage","@id":"https:\/\/mission-e-xplorer.com\/index.php\/mentions-legales\/","url":"https:\/\/mission-e-xplorer.com\/index.php\/mentions-legales\/","name":"Mentions l\u00e9gales - Fond de dotation","isPartOf":{"@id":"https:\/\/mission-e-xplorer.com\/#website"},"primaryImageOfPage":{"@id":"https:\/\/mission-e-xplorer.com\/index.php\/mentions-legales\/#primaryimage"},"image":{"@id":"https:\/\/mission-e-xplorer.com\/index.php\/mentions-legales\/#primaryimage"},"thumbnailUrl":"https:\/\/mission-e-xplorer.com\/wp-content\/uploads\/2025\/12\/vagues.png","datePublished":"2026-02-18T21:52:33+00:00","dateModified":"2026-02-18T22:08:40+00:00","breadcrumb":{"@id":"https:\/\/mission-e-xplorer.com\/index.php\/mentions-legales\/#breadcrumb"},"inLanguage":"fr-FR","potentialAction":[{"@type":"ReadAction","target":["https:\/\/mission-e-xplorer.com\/index.php\/mentions-legales\/"]}]},{"@type":"ImageObject","inLanguage":"fr-FR","@id":"https:\/\/mission-e-xplorer.com\/index.php\/mentions-legales\/#primaryimage","url":"https:\/\/mission-e-xplorer.com\/wp-content\/uploads\/2025\/12\/vagues.png","contentUrl":"https:\/\/mission-e-xplorer.com\/wp-content\/uploads\/2025\/12\/vagues.png","width":885,"height":384},{"@type":"BreadcrumbList","@id":"https:\/\/mission-e-xplorer.com\/index.php\/mentions-legales\/#breadcrumb","itemListElement":[{"@type":"ListItem","position":1,"name":"Accueil","item":"https:\/\/mission-e-xplorer.com\/"},{"@type":"ListItem","position":2,"name":"Mentions l\u00e9gales"}]},{"@type":"WebSite","@id":"https:\/\/mission-e-xplorer.com\/#website","url":"https:\/\/mission-e-xplorer.com\/","name":"Fond de dotation","description":"","publisher":{"@id":"https:\/\/mission-e-xplorer.com\/#organization"},"potentialAction":[{"@type":"SearchAction","target":{"@type":"EntryPoint","urlTemplate":"https:\/\/mission-e-xplorer.com\/?s={search_term_string}"},"query-input":{"@type":"PropertyValueSpecification","valueRequired":true,"valueName":"search_term_string"}}],"inLanguage":"fr-FR"},{"@type":"Organization","@id":"https:\/\/mission-e-xplorer.com\/#organization","name":"Fond de dotation","url":"https:\/\/mission-e-xplorer.com\/","logo":{"@type":"ImageObject","inLanguage":"fr-FR","@id":"https:\/\/mission-e-xplorer.com\/#\/schema\/logo\/image\/","url":"https:\/\/mission-e-xplorer.com\/wp-content\/uploads\/2025\/12\/LOGO-FDD-02.png","contentUrl":"https:\/\/mission-e-xplorer.com\/wp-content\/uploads\/2025\/12\/LOGO-FDD-02.png","width":1951,"height":1840,"caption":"Fond de dotation"},"image":{"@id":"https:\/\/mission-e-xplorer.com\/#\/schema\/logo\/image\/"}}]}},"_links":{"self":[{"href":"https:\/\/mission-e-xplorer.com\/index.php\/wp-json\/wp\/v2\/pages\/592","targetHints":{"allow":["GET"]}}],"collection":[{"href":"https:\/\/mission-e-xplorer.com\/index.php\/wp-json\/wp\/v2\/pages"}],"about":[{"href":"https:\/\/mission-e-xplorer.com\/index.php\/wp-json\/wp\/v2\/types\/page"}],"author":[{"embeddable":true,"href":"https:\/\/mission-e-xplorer.com\/index.php\/wp-json\/wp\/v2\/users\/1"}],"replies":[{"embeddable":true,"href":"https:\/\/mission-e-xplorer.com\/index.php\/wp-json\/wp\/v2\/comments?post=592"}],"version-history":[{"count":10,"href":"https:\/\/mission-e-xplorer.com\/index.php\/wp-json\/wp\/v2\/pages\/592\/revisions"}],"predecessor-version":[{"id":639,"href":"https:\/\/mission-e-xplorer.com\/index.php\/wp-json\/wp\/v2\/pages\/592\/revisions\/639"}],"wp:attachment":[{"href":"https:\/\/mission-e-xplorer.com\/index.php\/wp-json\/wp\/v2\/media?parent=592"}],"curies":[{"name":"wp","href":"https:\/\/api.w.org\/{rel}","templated":true}]}}